{"id":27,"date":"2025-02-16T17:21:06","date_gmt":"2025-02-16T17:21:06","guid":{"rendered":"http:\/\/quick.springermedia.pl\/?page_id=27"},"modified":"2025-04-22T10:43:24","modified_gmt":"2025-04-22T10:43:24","slug":"personalizuj","status":"publish","type":"page","link":"https:\/\/quick.springermedia.pl\/index.php\/personalizuj\/","title":{"rendered":"Personalizuj"},"content":{"rendered":"\t\t<div data-elementor-type=\"wp-page\" data-elementor-id=\"27\" class=\"elementor elementor-27\" data-elementor-post-type=\"page\">\n\t\t\t\t<div class=\"elementor-element elementor-element-2e1c3df2 e-flex e-con-boxed e-con e-parent\" data-id=\"2e1c3df2\" data-element_type=\"container\" data-settings=\"{&quot;background_background&quot;:&quot;classic&quot;}\">\n\t\t\t\t\t<div class=\"e-con-inner\">\n\t\t\t\t<div class=\"elementor-element elementor-element-65cd0010 elementor-widget elementor-widget-heading\" data-id=\"65cd0010\" data-element_type=\"widget\" data-widget_type=\"heading.default\">\n\t\t\t\t<div class=\"elementor-widget-container\">\n\t\t\t\t\t<h2 class=\"elementor-heading-title elementor-size-default\">PERSONALIZUJ<\/h2>\t\t\t\t<\/div>\n\t\t\t\t<\/div>\n\t\t\t\t<div class=\"elementor-element elementor-element-1e59722d elementor-widget elementor-widget-heading\" data-id=\"1e59722d\" data-element_type=\"widget\" data-widget_type=\"heading.default\">\n\t\t\t\t<div class=\"elementor-widget-container\">\n\t\t\t\t\t<h2 class=\"elementor-heading-title elementor-size-default\">Poka\u017c sw\u00f3j charakter w ka\u017cdym szczeg\u00f3le<\/h2>\t\t\t\t<\/div>\n\t\t\t\t<\/div>\n\t\t\t\t<div class=\"elementor-element elementor-element-c13ccc6 elementor-widget elementor-widget-heading\" data-id=\"c13ccc6\" data-element_type=\"widget\" data-widget_type=\"heading.default\">\n\t\t\t\t<div class=\"elementor-widget-container\">\n\t\t\t\t\t<h2 class=\"elementor-heading-title elementor-size-default\">PERSONALIZUJEMY JU\u017b OD 100 SZTUK<\/h2>\t\t\t\t<\/div>\n\t\t\t\t<\/div>\n\t\t\t\t\t<\/div>\n\t\t\t\t<\/div>\n\t\t<div class=\"elementor-element elementor-element-d6f1c5b e-flex e-con-boxed elementor-invisible e-con e-parent\" data-id=\"d6f1c5b\" data-element_type=\"container\" data-settings=\"{&quot;animation&quot;:&quot;fadeInDown&quot;}\">\n\t\t\t\t\t<div class=\"e-con-inner\">\n\t\t<div class=\"elementor-element elementor-element-12b3e21 e-con-full e-flex e-con e-child\" data-id=\"12b3e21\" data-element_type=\"container\" data-settings=\"{&quot;background_background&quot;:&quot;classic&quot;}\">\n\t\t\t\t<div class=\"elementor-element elementor-element-a93ad59 elementor-view-default elementor-widget elementor-widget-icon\" data-id=\"a93ad59\" data-element_type=\"widget\" data-widget_type=\"icon.default\">\n\t\t\t\t<div class=\"elementor-widget-container\">\n\t\t\t\t\t\t\t<div class=\"elementor-icon-wrapper\">\n\t\t\t<div class=\"elementor-icon\">\n\t\t\t<svg aria-hidden=\"true\" class=\"e-font-icon-svg e-fab-orcid\" viewBox=\"0 0 512 512\" xmlns=\"http:\/\/www.w3.org\/2000\/svg\"><path d=\"M294.75 188.19h-45.92V342h47.47c67.62 0 83.12-51.34 83.12-76.91 0-41.64-26.54-76.9-84.67-76.9zM256 8C119 8 8 119 8 256s111 248 248 248 248-111 248-248S393 8 256 8zm-80.79 360.76h-29.84v-207.5h29.84zm-14.92-231.14a19.57 19.57 0 1 1 19.57-19.57 19.64 19.64 0 0 1-19.57 19.57zM300 369h-81V161.26h80.6c76.73 0 110.44 54.83 110.44 103.85C410 318.39 368.38 369 300 369z\"><\/path><\/svg>\t\t\t<\/div>\n\t\t<\/div>\n\t\t\t\t\t\t<\/div>\n\t\t\t\t<\/div>\n\t\t\t\t<div class=\"elementor-element elementor-element-5942791d elementor-widget elementor-widget-image-box\" data-id=\"5942791d\" data-element_type=\"widget\" data-widget_type=\"image-box.default\">\n\t\t\t\t<div class=\"elementor-widget-container\">\n\t\t\t\t\t<div class=\"elementor-image-box-wrapper\"><div class=\"elementor-image-box-content\"><h3 class=\"elementor-image-box-title\">No\u015bnik reklamowy w 100% zgodny z identyfikacj\u0105 Twojej marki<\/h3><\/div><\/div>\t\t\t\t<\/div>\n\t\t\t\t<\/div>\n\t\t\t\t<\/div>\n\t\t<div class=\"elementor-element elementor-element-5e135dd e-con-full e-flex e-con e-child\" data-id=\"5e135dd\" data-element_type=\"container\" data-settings=\"{&quot;background_background&quot;:&quot;classic&quot;}\">\n\t\t\t\t<div class=\"elementor-element elementor-element-fb4365c elementor-view-default elementor-widget elementor-widget-icon\" data-id=\"fb4365c\" data-element_type=\"widget\" data-widget_type=\"icon.default\">\n\t\t\t\t<div class=\"elementor-widget-container\">\n\t\t\t\t\t\t\t<div class=\"elementor-icon-wrapper\">\n\t\t\t<div class=\"elementor-icon\">\n\t\t\t<svg aria-hidden=\"true\" class=\"e-font-icon-svg e-fas-qrcode\" viewBox=\"0 0 448 512\" xmlns=\"http:\/\/www.w3.org\/2000\/svg\"><path d=\"M0 224h192V32H0v192zM64 96h64v64H64V96zm192-64v192h192V32H256zm128 128h-64V96h64v64zM0 480h192V288H0v192zm64-128h64v64H64v-64zm352-64h32v128h-96v-32h-32v96h-64V288h96v32h64v-32zm0 160h32v32h-32v-32zm-64 0h32v32h-32v-32z\"><\/path><\/svg>\t\t\t<\/div>\n\t\t<\/div>\n\t\t\t\t\t\t<\/div>\n\t\t\t\t<\/div>\n\t\t\t\t<div class=\"elementor-element elementor-element-453d20a9 elementor-widget elementor-widget-image-box\" data-id=\"453d20a9\" data-element_type=\"widget\" data-widget_type=\"image-box.default\">\n\t\t\t\t<div class=\"elementor-widget-container\">\n\t\t\t\t\t<div class=\"elementor-image-box-wrapper\"><div class=\"elementor-image-box-content\"><h3 class=\"elementor-image-box-title\">Mo\u017cliwo\u015b\u0107 druku grafiki, logotypu, has\u0142a lub QR kodu<\/h3><\/div><\/div>\t\t\t\t<\/div>\n\t\t\t\t<\/div>\n\t\t\t\t<\/div>\n\t\t<div class=\"elementor-element elementor-element-b524d14 e-con-full e-flex e-con e-child\" data-id=\"b524d14\" data-element_type=\"container\" data-settings=\"{&quot;background_background&quot;:&quot;classic&quot;}\">\n\t\t\t\t<div class=\"elementor-element elementor-element-4496181 elementor-view-default elementor-widget elementor-widget-icon\" data-id=\"4496181\" data-element_type=\"widget\" data-widget_type=\"icon.default\">\n\t\t\t\t<div class=\"elementor-widget-container\">\n\t\t\t\t\t\t\t<div class=\"elementor-icon-wrapper\">\n\t\t\t<div class=\"elementor-icon\">\n\t\t\t<svg aria-hidden=\"true\" class=\"e-font-icon-svg e-fab-opera\" viewBox=\"0 0 496 512\" xmlns=\"http:\/\/www.w3.org\/2000\/svg\"><path d=\"M313.9 32.7c-170.2 0-252.6 223.8-147.5 355.1 36.5 45.4 88.6 75.6 147.5 75.6 36.3 0 70.3-11.1 99.4-30.4-43.8 39.2-101.9 63-165.3 63-3.9 0-8 0-11.9-.3C104.6 489.6 0 381.1 0 248 0 111 111 0 248 0h.8c63.1.3 120.7 24.1 164.4 63.1-29-19.4-63.1-30.4-99.3-30.4zm101.8 397.7c-40.9 24.7-90.7 23.6-132-5.8 56.2-20.5 97.7-91.6 97.7-176.6 0-84.7-41.2-155.8-97.4-176.6 41.8-29.2 91.2-30.3 132.9-5 105.9 98.7 105.5 265.7-1.2 364z\"><\/path><\/svg>\t\t\t<\/div>\n\t\t<\/div>\n\t\t\t\t\t\t<\/div>\n\t\t\t\t<\/div>\n\t\t\t\t<div class=\"elementor-element elementor-element-6d6629d8 elementor-widget elementor-widget-image-box\" data-id=\"6d6629d8\" data-element_type=\"widget\" data-widget_type=\"image-box.default\">\n\t\t\t\t<div class=\"elementor-widget-container\">\n\t\t\t\t\t<div class=\"elementor-image-box-wrapper\"><div class=\"elementor-image-box-content\"><h3 class=\"elementor-image-box-title\">Dopasowanie opakowania do okazji, sezonu lub kampanii tematycznej<\/h3><\/div><\/div>\t\t\t\t<\/div>\n\t\t\t\t<\/div>\n\t\t\t\t<\/div>\n\t\t<div class=\"elementor-element elementor-element-df2966d e-con-full e-flex e-con e-child\" data-id=\"df2966d\" data-element_type=\"container\" data-settings=\"{&quot;background_background&quot;:&quot;classic&quot;}\">\n\t\t\t\t<div class=\"elementor-element elementor-element-cd1b914 elementor-view-default elementor-widget elementor-widget-icon\" data-id=\"cd1b914\" data-element_type=\"widget\" data-widget_type=\"icon.default\">\n\t\t\t\t<div class=\"elementor-widget-container\">\n\t\t\t\t\t\t\t<div class=\"elementor-icon-wrapper\">\n\t\t\t<div class=\"elementor-icon\">\n\t\t\t<svg aria-hidden=\"true\" class=\"e-font-icon-svg e-far-comment-dots\" viewBox=\"0 0 512 512\" xmlns=\"http:\/\/www.w3.org\/2000\/svg\"><path d=\"M144 208c-17.7 0-32 14.3-32 32s14.3 32 32 32 32-14.3 32-32-14.3-32-32-32zm112 0c-17.7 0-32 14.3-32 32s14.3 32 32 32 32-14.3 32-32-14.3-32-32-32zm112 0c-17.7 0-32 14.3-32 32s14.3 32 32 32 32-14.3 32-32-14.3-32-32-32zM256 32C114.6 32 0 125.1 0 240c0 47.6 19.9 91.2 52.9 126.3C38 405.7 7 439.1 6.5 439.5c-6.6 7-8.4 17.2-4.6 26S14.4 480 24 480c61.5 0 110-25.7 139.1-46.3C192 442.8 223.2 448 256 448c141.4 0 256-93.1 256-208S397.4 32 256 32zm0 368c-26.7 0-53.1-4.1-78.4-12.1l-22.7-7.2-19.5 13.8c-14.3 10.1-33.9 21.4-57.5 29 7.3-12.1 14.4-25.7 19.9-40.2l10.6-28.1-20.6-21.8C69.7 314.1 48 282.2 48 240c0-88.2 93.3-160 208-160s208 71.8 208 160-93.3 160-208 160z\"><\/path><\/svg>\t\t\t<\/div>\n\t\t<\/div>\n\t\t\t\t\t\t<\/div>\n\t\t\t\t<\/div>\n\t\t\t\t<div class=\"elementor-element elementor-element-58b42137 elementor-widget elementor-widget-image-box\" data-id=\"58b42137\" data-element_type=\"widget\" data-widget_type=\"image-box.default\">\n\t\t\t\t<div class=\"elementor-widget-container\">\n\t\t\t\t\t<div class=\"elementor-image-box-wrapper\"><div class=\"elementor-image-box-content\"><h3 class=\"elementor-image-box-title\">Zapami\u0119tywalno\u015b\u0107 przekazu znacznie wy\u017csza ni\u017c w reklamie online czy TV<\/h3><\/div><\/div>\t\t\t\t<\/div>\n\t\t\t\t<\/div>\n\t\t\t\t<\/div>\n\t\t\t\t\t<\/div>\n\t\t\t\t<\/div>\n\t\t<div class=\"elementor-element elementor-element-5a01774c e-flex e-con-boxed e-con e-parent\" data-id=\"5a01774c\" data-element_type=\"container\" data-settings=\"{&quot;background_background&quot;:&quot;classic&quot;}\">\n\t\t\t\t\t<div class=\"e-con-inner\">\n\t\t\t\t\t<\/div>\n\t\t\t\t<\/div>\n\t\t<div class=\"elementor-element elementor-element-7ee9a4f3 e-flex e-con-boxed e-con e-parent\" data-id=\"7ee9a4f3\" data-element_type=\"container\">\n\t\t\t\t\t<div class=\"e-con-inner\">\n\t\t<div class=\"elementor-element elementor-element-7a14e016 e-con-full e-flex e-con e-child\" data-id=\"7a14e016\" data-element_type=\"container\">\n\t\t\t\t<div class=\"elementor-element elementor-element-15d1b7da elementor-widget elementor-widget-image\" data-id=\"15d1b7da\" data-element_type=\"widget\" data-widget_type=\"image.default\">\n\t\t\t\t<div class=\"elementor-widget-container\">\n\t\t\t\t\t\t\t\t\t\t\t\t\t\t\t<img fetchpriority=\"high\" decoding=\"async\" width=\"800\" height=\"800\" src=\"https:\/\/quick.springermedia.pl\/wp-content\/uploads\/2025\/04\/mlodap-1024x1024.png\" class=\"attachment-large size-large wp-image-416\" alt=\"\" srcset=\"https:\/\/quick.springermedia.pl\/wp-content\/uploads\/2025\/04\/mlodap-1024x1024.png 1024w, https:\/\/quick.springermedia.pl\/wp-content\/uploads\/2025\/04\/mlodap-300x300.png 300w, https:\/\/quick.springermedia.pl\/wp-content\/uploads\/2025\/04\/mlodap-150x150.png 150w, https:\/\/quick.springermedia.pl\/wp-content\/uploads\/2025\/04\/mlodap-768x768.png 768w, https:\/\/quick.springermedia.pl\/wp-content\/uploads\/2025\/04\/mlodap-1536x1536.png 1536w, https:\/\/quick.springermedia.pl\/wp-content\/uploads\/2025\/04\/mlodap-2048x2048.png 2048w\" sizes=\"(max-width: 800px) 100vw, 800px\" \/>\t\t\t\t\t\t\t\t\t\t\t\t\t\t\t<\/div>\n\t\t\t\t<\/div>\n\t\t\t\t<\/div>\n\t\t<div class=\"elementor-element elementor-element-a99e9b0 e-con-full e-flex e-con e-child\" data-id=\"a99e9b0\" data-element_type=\"container\">\n\t\t<div class=\"elementor-element elementor-element-79c3e825 e-con-full e-flex e-con e-child\" data-id=\"79c3e825\" data-element_type=\"container\">\n\t\t\t\t<div class=\"elementor-element elementor-element-5e72a0a5 elementor-widget elementor-widget-heading\" data-id=\"5e72a0a5\" data-element_type=\"widget\" data-widget_type=\"heading.default\">\n\t\t\t\t<div class=\"elementor-widget-container\">\n\t\t\t\t\t<h2 class=\"elementor-heading-title elementor-size-default\">PE\u0141NA PERSONALIZACJA<\/h2>\t\t\t\t<\/div>\n\t\t\t\t<\/div>\n\t\t\t\t<div class=\"elementor-element elementor-element-1c64166 elementor-widget elementor-widget-heading\" data-id=\"1c64166\" data-element_type=\"widget\" data-widget_type=\"heading.default\">\n\t\t\t\t<div class=\"elementor-widget-container\">\n\t\t\t\t\t<h2 class=\"elementor-heading-title elementor-size-default\">Zamie\u0144 zwyk\u0142\u0105 wyka\u0142aczk\u0119 w no\u015bnik komunikatu, kt\u00f3ry buduje wizerunek Twojej marki.<\/h2>\t\t\t\t<\/div>\n\t\t\t\t<\/div>\n\t\t\t\t<div class=\"elementor-element elementor-element-2915703c elementor-widget elementor-widget-text-editor\" data-id=\"2915703c\" data-element_type=\"widget\" data-widget_type=\"text-editor.default\">\n\t\t\t\t<div class=\"elementor-widget-container\">\n\t\t\t\t\t\t\t\t\t<ul><li class=\"\" data-start=\"527\" data-end=\"653\"><p class=\"\" data-start=\"529\" data-end=\"653\"><strong data-start=\"529\" data-end=\"558\">Projekt graficzny<\/strong><br data-start=\"558\" data-end=\"561\" \/>Nasze studio graficzne przygotuje dla Ciebie indywidualny projekt lub dopracuje Tw\u00f3j pomys\u0142.<\/p><\/li><li class=\"\" data-start=\"655\" data-end=\"761\"><p class=\"\" data-start=\"657\" data-end=\"761\"><strong data-start=\"657\" data-end=\"681\">Pe\u0142nokolorowy nadruk<\/strong><br data-start=\"681\" data-end=\"684\" \/>Logo, has\u0142o reklamowe, grafika \u2013 wykorzystujemy ca\u0142\u0105 powierzchni\u0119 opakowania.<\/p><\/li><li class=\"\" data-start=\"881\" data-end=\"990\"><p class=\"\" data-start=\"883\" data-end=\"990\"><strong data-start=\"883\" data-end=\"921\">Minimalny nak\u0142ad ju\u017c od 100 sztuk<\/strong><br data-start=\"921\" data-end=\"924\" \/>Nie musisz zamawia\u0107 du\u017cych ilo\u015bci, by skorzysta\u0107 z personalizacji.<\/p><\/li><li class=\"\" data-start=\"992\" data-end=\"1098\"><p class=\"\" data-start=\"994\" data-end=\"1098\"><strong data-start=\"994\" data-end=\"1020\">Kr\u00f3tki czas realizacji<\/strong><br data-start=\"1020\" data-end=\"1023\" \/>Zam\u00f3wienie trafia do Ciebie ju\u017c od 10 dni roboczych od akceptacji projektu.<\/p><\/li><\/ul>\t\t\t\t\t\t\t\t<\/div>\n\t\t\t\t<\/div>\n\t\t\t\t<\/div>\n\t\t\t\t<\/div>\n\t\t\t\t\t<\/div>\n\t\t\t\t<\/div>\n\t\t\t\t<\/div>\n\t\t","protected":false},"excerpt":{"rendered":"<p>PERSONALIZUJ Poka\u017c sw\u00f3j charakter w ka\u017cdym szczeg\u00f3le PERSONALIZUJEMY JU\u017b OD 100 SZTUK No\u015bnik reklamowy w 100% zgodny z identyfikacj\u0105 Twojej marki Mo\u017cliwo\u015b\u0107 druku grafiki, logotypu, has\u0142a lub QR kodu Dopasowanie opakowania do okazji, sezonu lub kampanii tematycznej Zapami\u0119tywalno\u015b\u0107 przekazu znacznie wy\u017csza ni\u017c w reklamie online czy TV PE\u0141NA PERSONALIZACJA Zamie\u0144 zwyk\u0142\u0105 wyka\u0142aczk\u0119 w no\u015bnik komunikatu, [&hellip;]<\/p>\n","protected":false},"author":1,"featured_media":0,"parent":0,"menu_order":0,"comment_status":"closed","ping_status":"closed","template":"elementor_header_footer","meta":{"footnotes":""},"class_list":["post-27","page","type-page","status-publish","hentry"],"_links":{"self":[{"href":"https:\/\/quick.springermedia.pl\/index.php\/wp-json\/wp\/v2\/pages\/27","targetHints":{"allow":["GET"]}}],"collection":[{"href":"https:\/\/quick.springermedia.pl\/index.php\/wp-json\/wp\/v2\/pages"}],"about":[{"href":"https:\/\/quick.springermedia.pl\/index.php\/wp-json\/wp\/v2\/types\/page"}],"author":[{"embeddable":true,"href":"https:\/\/quick.springermedia.pl\/index.php\/wp-json\/wp\/v2\/users\/1"}],"replies":[{"embeddable":true,"href":"https:\/\/quick.springermedia.pl\/index.php\/wp-json\/wp\/v2\/comments?post=27"}],"version-history":[{"count":36,"href":"https:\/\/quick.springermedia.pl\/index.php\/wp-json\/wp\/v2\/pages\/27\/revisions"}],"predecessor-version":[{"id":485,"href":"https:\/\/quick.springermedia.pl\/index.php\/wp-json\/wp\/v2\/pages\/27\/revisions\/485"}],"wp:attachment":[{"href":"https:\/\/quick.springermedia.pl\/index.php\/wp-json\/wp\/v2\/media?parent=27"}],"curies":[{"name":"wp","href":"https:\/\/api.w.org\/{rel}","templated":true}]}}